{"id":1828,"date":"2023-04-29T17:21:29","date_gmt":"2023-04-29T21:21:29","guid":{"rendered":"https:\/\/snctelecom.com\/?post_type=product&#038;p=1828"},"modified":"2023-05-06T17:58:33","modified_gmt":"2023-05-06T21:58:33","slug":"50w-high-gain-fm-driver-28v","status":"publish","type":"product","link":"https:\/\/snctelecom.com\/index.php\/product\/50w-high-gain-fm-driver-28v\/","title":{"rendered":"50W High Gain FM Driver 28V"},"content":{"rendered":"<p>Dise\u00f1ado para transmisores de radio FM, este amplificador incorpora una combinaci\u00f3n de banda ancha para cubrir la banda FM completa.<\/p>\n","protected":false},"excerpt":{"rendered":"<p>Requiere 28Vdc a 4.5 amperios t\u00edpicos.<br \/>\nNo se requieren ajustes de polarizaci\u00f3n o sintonizaci\u00f3n de circuito RF.<\/p>\n","protected":false},"featured_media":1924,"comment_status":"open","ping_status":"closed","template":"","meta":{"_uag_custom_page_level_css":"","site-sidebar-layout":"default","site-content-layout":"default","ast-site-content-layout":"","site-content-style":"default","site-sidebar-style":"default","ast-global-header-display":"","ast-banner-title-visibility":"","ast-main-header-display":"","ast-hfb-above-header-display":"","ast-hfb-below-header-display":"","ast-hfb-mobile-header-display":"","site-post-title":"","ast-breadcrumbs-content":"","ast-featured-img":"","footer-sml-layout":"","theme-transparent-header-meta":"default","adv-header-id-meta":"","stick-header-meta":"","header-above-stick-meta":"","header-main-stick-meta":"","header-below-stick-meta":"","astra-migrate-meta-layouts":"default","ast-page-background-enabled":"default","ast-page-background-meta":{"desktop":{"background-color":"var(--ast-global-color-4)","background-image":"","background-repeat":"repeat","background-position":"center center","background-size":"auto","background-attachment":"scroll","background-type":"","background-media":"","overlay-type":"","overlay-color":"","overlay-opacity":"","overlay-gradient":""},"tablet":{"background-color":"","background-image":"","background-repeat":"repeat","background-position":"center center","background-size":"auto","background-attachment":"scroll","background-type":"","background-media":"","overlay-type":"","overlay-color":"","overlay-opacity":"","overlay-gradient":""},"mobile":{"background-color":"","background-image":"","background-repeat":"repeat","background-position":"center center","background-size":"auto","background-attachment":"scroll","background-type":"","background-media":"","overlay-type":"","overlay-color":"","overlay-opacity":"","overlay-gradient":""}},"ast-content-background-meta":{"desktop":{"background-color":"var(--ast-global-color-5)","background-image":"","background-repeat":"repeat","background-position":"center center","background-size":"auto","background-attachment":"scroll","background-type":"","background-media":"","overlay-type":"","overlay-color":"","overlay-opacity":"","overlay-gradient":""},"tablet":{"background-color":"var(--ast-global-color-5)","background-image":"","background-repeat":"repeat","background-position":"center center","background-size":"auto","background-attachment":"scroll","background-type":"","background-media":"","overlay-type":"","overlay-color":"","overlay-opacity":"","overlay-gradient":""},"mobile":{"background-color":"var(--ast-global-color-5)","background-image":"","background-repeat":"repeat","background-position":"center center","background-size":"auto","background-attachment":"scroll","background-type":"","background-media":"","overlay-type":"","overlay-color":"","overlay-opacity":"","overlay-gradient":""}}},"product_brand":[],"product_cat":[25,26],"product_tag":[39,42,41,40],"class_list":{"0":"post-1828","1":"product","2":"type-product","3":"status-publish","4":"has-post-thumbnail","6":"product_cat-amplificador-pallet-fm","7":"product_cat-fm-drivers","8":"product_tag-amplificador","9":"product_tag-drivers","10":"product_tag-fm","11":"product_tag-pallet","12":"desktop-align-left","13":"tablet-align-left","14":"mobile-align-left","16":"first","17":"instock","18":"taxable","19":"shipping-taxable","20":"product-type-simple"},"uagb_featured_image_src":{"full":["https:\/\/snctelecom.com\/wp-content\/uploads\/2023\/04\/P50FM42MH.jpg",1024,666,false],"thumbnail":["https:\/\/snctelecom.com\/wp-content\/uploads\/2023\/04\/P50FM42MH.jpg",150,98,false],"medium":["https:\/\/snctelecom.com\/wp-content\/uploads\/2023\/04\/P50FM42MH.jpg",300,195,false],"medium_large":["https:\/\/snctelecom.com\/wp-content\/uploads\/2023\/04\/P50FM42MH.jpg",768,500,false],"large":["https:\/\/snctelecom.com\/wp-content\/uploads\/2023\/04\/P50FM42MH.jpg",1024,666,false],"1536x1536":["https:\/\/snctelecom.com\/wp-content\/uploads\/2023\/04\/P50FM42MH.jpg",1024,666,false],"2048x2048":["https:\/\/snctelecom.com\/wp-content\/uploads\/2023\/04\/P50FM42MH.jpg",1024,666,false],"woocommerce_thumbnail":["https:\/\/snctelecom.com\/wp-content\/uploads\/2023\/04\/P50FM42MH-300x300.jpg",300,300,true],"woocommerce_single":["https:\/\/snctelecom.com\/wp-content\/uploads\/2023\/04\/P50FM42MH.jpg",600,390,false],"woocommerce_gallery_thumbnail":["https:\/\/snctelecom.com\/wp-content\/uploads\/2023\/04\/P50FM42MH-100x100.jpg",100,100,true]},"uagb_author_info":{"display_name":"admin","author_link":"https:\/\/snctelecom.com\/index.php\/author\/"},"uagb_comment_info":0,"uagb_excerpt":"Requiere 28Vdc a 4.5 amperios t\u00edpicos. No se requieren ajustes de polarizaci\u00f3n o sintonizaci\u00f3n de circuito RF.","jetpack_sharing_enabled":true,"_links":{"self":[{"href":"https:\/\/snctelecom.com\/index.php\/wp-json\/wp\/v2\/product\/1828","targetHints":{"allow":["GET"]}}],"collection":[{"href":"https:\/\/snctelecom.com\/index.php\/wp-json\/wp\/v2\/product"}],"about":[{"href":"https:\/\/snctelecom.com\/index.php\/wp-json\/wp\/v2\/types\/product"}],"replies":[{"embeddable":true,"href":"https:\/\/snctelecom.com\/index.php\/wp-json\/wp\/v2\/comments?post=1828"}],"wp:featuredmedia":[{"embeddable":true,"href":"https:\/\/snctelecom.com\/index.php\/wp-json\/wp\/v2\/media\/1924"}],"wp:attachment":[{"href":"https:\/\/snctelecom.com\/index.php\/wp-json\/wp\/v2\/media?parent=1828"}],"wp:term":[{"taxonomy":"product_brand","embeddable":true,"href":"https:\/\/snctelecom.com\/index.php\/wp-json\/wp\/v2\/product_brand?post=1828"},{"taxonomy":"product_cat","embeddable":true,"href":"https:\/\/snctelecom.com\/index.php\/wp-json\/wp\/v2\/product_cat?post=1828"},{"taxonomy":"product_tag","embeddable":true,"href":"https:\/\/snctelecom.com\/index.php\/wp-json\/wp\/v2\/product_tag?post=1828"}],"curies":[{"name":"wp","href":"https:\/\/api.w.org\/{rel}","templated":true}]}}